{"id":5286,"date":"2023-07-10T11:30:53","date_gmt":"2023-07-10T11:30:53","guid":{"rendered":"https:\/\/etinetdev.wpengine.com\/creer-un-ticket\/"},"modified":"2025-09-18T12:07:33","modified_gmt":"2025-09-18T12:07:33","slug":"creer-un-ticket","status":"publish","type":"page","link":"https:\/\/etinet.com\/fr\/creer-un-ticket\/","title":{"rendered":"Cr\u00e9er un ticket"},"content":{"rendered":"\t\t<div data-elementor-type=\"wp-page\" data-elementor-id=\"5286\" class=\"elementor elementor-5286 elementor-1319\" data-elementor-post-type=\"page\">\n\t\t\t\t\t\t<section class=\"elementor-section elementor-top-section elementor-element elementor-element-2b40627 elementor-section-boxed elementor-section-height-default elementor-section-height-default\" data-id=\"2b40627\" data-element_type=\"section\" data-e-type=\"section\" data-settings=\"{&quot;background_background&quot;:&quot;classic&quot;}\">\n\t\t\t\t\t\t<div class=\"elementor-container elementor-column-gap-default\">\n\t\t\t\t\t<div class=\"elementor-column elementor-col-100 elementor-top-column elementor-element elementor-element-9ed1a3d\" data-id=\"9ed1a3d\" data-element_type=\"column\" data-e-type=\"column\">\n\t\t\t<div class=\"elementor-widget-wrap elementor-element-populated\">\n\t\t\t\t\t\t<div class=\"elementor-element elementor-element-42efaa1 elementor-mobile-align-center elementor-widget elementor-widget-breadcrumbs\" data-id=\"42efaa1\" data-element_type=\"widget\" data-e-type=\"widget\" data-widget_type=\"breadcrumbs.default\">\n\t\t\t\t<div class=\"elementor-widget-container\">\n\t\t\t\t\t<div id=\"breadcrumbs\"><span><span><a href=\"https:\/\/etinet.com\/fr\/\">Home<\/a><\/span><\/span><\/div>\t\t\t\t<\/div>\n\t\t\t\t<\/div>\n\t\t\t\t\t<\/div>\n\t\t<\/div>\n\t\t\t\t\t<\/div>\n\t\t<\/section>\n\t\t\t\t<section class=\"elementor-section elementor-top-section elementor-element elementor-element-5da15a7b elementor-section-boxed elementor-section-height-default elementor-section-height-default\" data-id=\"5da15a7b\" data-element_type=\"section\" data-e-type=\"section\">\n\t\t\t\t\t\t<div class=\"elementor-container elementor-column-gap-default\">\n\t\t\t\t\t<div class=\"elementor-column elementor-col-50 elementor-top-column elementor-element elementor-element-146e683\" data-id=\"146e683\" data-element_type=\"column\" data-e-type=\"column\">\n\t\t\t<div class=\"elementor-widget-wrap elementor-element-populated\">\n\t\t\t\t\t\t<div class=\"elementor-element elementor-element-ed077f8 elementor-widget elementor-widget-image\" data-id=\"ed077f8\" data-element_type=\"widget\" data-e-type=\"widget\" data-widget_type=\"image.default\">\n\t\t\t\t<div class=\"elementor-widget-container\">\n\t\t\t\t\t\t\t\t\t\t\t\t\t\t\t<img decoding=\"async\" src=\"https:\/\/etinet.com\/wp-content\/uploads\/2023\/07\/Illustration.svg\" class=\"attachment-full size-full wp-image-5185\" alt=\"Assistance\" \/>\t\t\t\t\t\t\t\t\t\t\t\t\t\t\t<\/div>\n\t\t\t\t<\/div>\n\t\t\t\t\t<\/div>\n\t\t<\/div>\n\t\t\t\t<div class=\"elementor-column elementor-col-50 elementor-top-column elementor-element elementor-element-3ea27e18\" data-id=\"3ea27e18\" data-element_type=\"column\" data-e-type=\"column\" data-settings=\"{&quot;background_background&quot;:&quot;classic&quot;}\">\n\t\t\t<div class=\"elementor-widget-wrap elementor-element-populated\">\n\t\t\t\t\t\t<div class=\"elementor-element elementor-element-2262510 elementor-widget elementor-widget-elementskit-heading\" data-id=\"2262510\" data-element_type=\"widget\" data-e-type=\"widget\" data-widget_type=\"elementskit-heading.default\">\n\t\t\t\t<div class=\"elementor-widget-container\">\n\t\t\t\t\t<div class=\"ekit-wid-con\" ><div class=\"ekit-heading elementskit-section-title-wraper text_left   ekit_heading_tablet-   ekit_heading_mobile-\"><h2 class=\"ekit-heading--title elementskit-section-title \">Contactez-nous<\/h2><\/div><\/div>\t\t\t\t<\/div>\n\t\t\t\t<\/div>\n\t\t\t\t<div class=\"elementor-element elementor-element-dab7277 form-submission elementor-widget elementor-widget-shortcode\" data-id=\"dab7277\" data-element_type=\"widget\" data-e-type=\"widget\" data-widget_type=\"shortcode.default\">\n\t\t\t\t<div class=\"elementor-widget-container\">\n\t\t\t\t\t\t\t<div class=\"elementor-shortcode\">\n<div class=\"wpcf7 no-js\" id=\"wpcf7-f5297-o1\" lang=\"fr-FR\" dir=\"ltr\" data-wpcf7-id=\"5297\">\n<div class=\"screen-reader-response\"><p role=\"status\" aria-live=\"polite\" aria-atomic=\"true\"><\/p> <ul><\/ul><\/div>\n<form action=\"\/fr\/wp-json\/wp\/v2\/pages\/5286#wpcf7-f5297-o1\" method=\"post\" class=\"wpcf7-form init\" aria-label=\"Formulaire de contact\" novalidate=\"novalidate\" data-status=\"init\">\n<fieldset class=\"hidden-fields-container\"><input type=\"hidden\" name=\"_wpcf7\" value=\"5297\" \/><input type=\"hidden\" name=\"_wpcf7_version\" value=\"6.1.5\" \/><input type=\"hidden\" name=\"_wpcf7_locale\" value=\"fr_FR\" \/><input type=\"hidden\" name=\"_wpcf7_unit_tag\" value=\"wpcf7-f5297-o1\" \/><input type=\"hidden\" name=\"_wpcf7_container_post\" value=\"0\" \/><input type=\"hidden\" name=\"_wpcf7_posted_data_hash\" value=\"\" \/><input type=\"hidden\" name=\"cf7s-user_id\" value=\"0\" \/><input type=\"hidden\" name=\"cf7sub_nonce\" value=\"1d4124681a\" \/><input type=\"hidden\" name=\"_eacf7_hidden_conditional_fields\" value=\"\" \/><input type=\"hidden\" name=\"_wpcf7_recaptcha_response\" value=\"\" \/>\n<\/fieldset>\n<div class=\"eacf7-form-5297\"><span class=\"wpcf7-form-control-wrap\" data-name=\"text-857\"><input size=\"40\" maxlength=\"400\" class=\"wpcf7-form-control wpcf7-text wpcf7-validates-as-required\" aria-required=\"true\" aria-invalid=\"false\" placeholder=\"Votre nom\" value=\"\" type=\"text\" name=\"text-857\" \/><\/span>\n<span class=\"wpcf7-form-control-wrap\" data-name=\"text-859\"><input size=\"40\" maxlength=\"400\" class=\"wpcf7-form-control wpcf7-text wpcf7-validates-as-required\" aria-required=\"true\" aria-invalid=\"false\" placeholder=\"Nom de l&#039;entreprise\" value=\"\" type=\"text\" name=\"text-859\" \/><\/span>\n<span class=\"wpcf7-form-control-wrap\" data-name=\"menu-718\"><select class=\"wpcf7-form-control wpcf7-select wpcf7-validates-as-required\" aria-required=\"true\" aria-invalid=\"false\" name=\"menu-718\"><option value=\"S\u00e9lectionner le produit\">S\u00e9lectionner le produit<\/option><option value=\"BackBox (Sauvegarde, Stockage)\">BackBox (Sauvegarde, Stockage)<\/option><option value=\"Manuels techniques BACKBOX\u00ae\">Manuels techniques BACKBOX\u00ae<\/option><option value=\"BACKBOX\u00ae avec QoreStor\u00ae int\u00e9gr\u00e9\">BACKBOX\u00ae avec QoreStor\u00ae int\u00e9gr\u00e9<\/option><option value=\"Contr\u00f4leur de bande virtuelle BACKBOX\u00ae\">Contr\u00f4leur de bande virtuelle BACKBOX\u00ae<\/option><option value=\"MultiBatch\">MultiBatch<\/option><option value=\"C-Deep\">C-Deep<\/option><option value=\"MQGate\">MQGate<\/option><option value=\"BACKHOME\u00ae\">BACKHOME\u00ae<\/option><option value=\"SPHiNX\u00ae\">SPHiNX\u00ae<\/option><option value=\"BCOM\">BCOM<\/option><option value=\"HCOM\">HCOM<\/option><\/select><\/span>\n<span class=\"wpcf7-form-control-wrap\" data-name=\"email-149\"><input size=\"40\" maxlength=\"400\" class=\"wpcf7-form-control wpcf7-email wpcf7-validates-as-required wpcf7-text wpcf7-validates-as-email\" aria-required=\"true\" aria-invalid=\"false\" placeholder=\"E-mail\" value=\"\" type=\"email\" name=\"email-149\" \/><\/span>\n<span class=\"wpcf7-form-control-wrap\" data-name=\"tel-956\"><input size=\"40\" maxlength=\"400\" class=\"wpcf7-form-control wpcf7-tel wpcf7-validates-as-required wpcf7-text wpcf7-validates-as-tel\" aria-required=\"true\" aria-invalid=\"false\" placeholder=\"Num\u00e9ro de t\u00e9l\u00e9phone\" value=\"\" type=\"tel\" name=\"tel-956\" \/><\/span>\n<div style=\"display:none\">         <span class=\"eacf7-honeypot wpcf7-form-control-wrap\"\n              data-name=\"website\">\n\t\t\t<label>Please leave this field empty.<\/label><input class=\"wpcf7-form-control wpcf7-honeypot\" name=\"website\" aria-invalid=\"false\" \/>\t\t<\/span>\n         <\/div>\n<span class=\"wpcf7-form-control-wrap\" data-name=\"textarea-55\"><textarea cols=\"40\" rows=\"10\" maxlength=\"2000\" class=\"wpcf7-form-control wpcf7-textarea wpcf7-validates-as-required\" aria-required=\"true\" aria-invalid=\"false\" placeholder=\"Comment pouvons-nous vous aider ?\" name=\"textarea-55\"><\/textarea><\/span>\n<div class=\"wpcf7-turnstile cf-turnstile\" data-sitekey=\"0x4AAAAAACEigH9HPKKHXKtK\" data-response-field-name=\"_wpcf7_turnstile_response\"><\/div>\n<input class=\"wpcf7-form-control wpcf7-submit has-spinner\" type=\"submit\" value=\"Soumettre\" \/><\/div><script>var eacf7IntegrationsData_5297 = {\"isActivePayPal\":false,\"payPalCurrency\":\"USD\",\"isActiveStripe\":false,\"stripeCurrency\":\"USD\",\"stripePublicKey\":\"\"};<\/script><div class=\"wpcf7-response-output\" aria-hidden=\"true\"><\/div>\n<\/form>\n<\/div>\n<\/div>\n\t\t\t\t\t\t<\/div>\n\t\t\t\t<\/div>\n\t\t\t\t<div class=\"elementor-element elementor-element-1967d90f elementor-hidden-desktop elementor-hidden-tablet elementor-hidden-mobile elementor-button-align-stretch elementor-widget elementor-widget-form\" data-id=\"1967d90f\" data-element_type=\"widget\" data-e-type=\"widget\" data-settings=\"{&quot;button_width&quot;:&quot;100&quot;,&quot;step_type&quot;:&quot;number_text&quot;,&quot;step_icon_shape&quot;:&quot;circle&quot;}\" data-widget_type=\"form.default\">\n\t\t\t\t<div class=\"elementor-widget-container\">\n\t\t\t\t\t\t\t<form class=\"elementor-form\" method=\"post\" name=\"Nouveau formulaire\" aria-label=\"Nouveau formulaire\">\n\t\t\t<input type=\"hidden\" name=\"post_id\" value=\"5286\"\/>\n\t\t\t<input type=\"hidden\" name=\"form_id\" value=\"1967d90f\"\/>\n\t\t\t<input type=\"hidden\" name=\"referer_title\" value=\"ETI-NET\" \/>\n\n\t\t\t\n\t\t\t<div class=\"elementor-form-fields-wrapper elementor-labels-\">\n\t\t\t\t\t\t\t\t<div class=\"elementor-field-type-text elementor-field-group elementor-column elementor-field-group-name elementor-col-100 elementor-field-required\">\n\t\t\t\t\t\t\t\t\t\t\t\t<label for=\"form-field-name\" class=\"elementor-field-label elementor-screen-only\">\n\t\t\t\t\t\t\t\tVotre nom\t\t\t\t\t\t\t<\/label>\n\t\t\t\t\t\t\t\t\t\t\t\t\t\t<input size=\"1\" type=\"text\" name=\"form_fields[name]\" id=\"form-field-name\" class=\"elementor-field elementor-size-lg  elementor-field-textual\" placeholder=\"Votre nom\" required=\"required\">\n\t\t\t\t\t\t\t\t\t\t\t<\/div>\n\t\t\t\t\t\t\t\t<div class=\"elementor-field-type-text elementor-field-group elementor-column elementor-field-group-email elementor-col-100 elementor-field-required\">\n\t\t\t\t\t\t\t\t\t\t\t\t<label for=\"form-field-email\" class=\"elementor-field-label elementor-screen-only\">\n\t\t\t\t\t\t\t\tNom de l'entreprise\t\t\t\t\t\t\t<\/label>\n\t\t\t\t\t\t\t\t\t\t\t\t\t\t<input size=\"1\" type=\"text\" name=\"form_fields[email]\" id=\"form-field-email\" class=\"elementor-field elementor-size-lg  elementor-field-textual\" placeholder=\"Nom de l&#039;entreprise\" required=\"required\">\n\t\t\t\t\t\t\t\t\t\t\t<\/div>\n\t\t\t\t\t\t\t\t<div class=\"elementor-field-type-select elementor-field-group elementor-column elementor-field-group-field_db7684e elementor-col-100 elementor-field-required\">\n\t\t\t\t\t\t\t\t\t\t\t\t<label for=\"form-field-field_db7684e\" class=\"elementor-field-label elementor-screen-only\">\n\t\t\t\t\t\t\t\tNom du produit\t\t\t\t\t\t\t<\/label>\n\t\t\t\t\t\t\t\t<div class=\"elementor-field elementor-select-wrapper remove-before \">\n\t\t\t<div class=\"select-caret-down-wrapper\">\n\t\t\t\t<i aria-hidden=\"true\" class=\"eicon-caret-down\"><\/i>\t\t\t<\/div>\n\t\t\t<select name=\"form_fields[field_db7684e]\" id=\"form-field-field_db7684e\" class=\"elementor-field-textual elementor-size-lg\" required=\"required\">\n\t\t\t\t\t\t\t\t\t<option value=\"S\u00e9lectionner le produit\">S\u00e9lectionner le produit<\/option>\n\t\t\t\t\t\t\t\t\t<option value=\"BackBox\u00ae avec QoreStor\u00ae int\u00e9gr\u00e9\">BackBox\u00ae avec QoreStor\u00ae int\u00e9gr\u00e9<\/option>\n\t\t\t\t\t\t\t\t\t<option value=\"BackBox\u00ae Virtual Tape Controller\">BackBox\u00ae Virtual Tape Controller<\/option>\n\t\t\t\t\t\t\t\t\t<option value=\"MultiBatch\">MultiBatch<\/option>\n\t\t\t\t\t\t\t\t\t<option value=\"C-Deep\">C-Deep<\/option>\n\t\t\t\t\t\t\t\t\t<option value=\"Sentinel\">Sentinel<\/option>\n\t\t\t\t\t\t\t\t\t<option value=\" MQGate\"> MQGate<\/option>\n\t\t\t\t\t\t\t\t\t<option value=\"BCOM\">BCOM<\/option>\n\t\t\t\t\t\t\t\t\t<option value=\"HCOM\">HCOM<\/option>\n\t\t\t\t\t\t\t\t\t<option value=\"SPHiNX\">SPHiNX<\/option>\n\t\t\t\t\t\t\t\t\t<option value=\"BackHome\">BackHome<\/option>\n\t\t\t\t\t\t\t\t\t<option value=\"\"><\/option>\n\t\t\t\t\t\t\t<\/select>\n\t\t<\/div>\n\t\t\t\t\t\t<\/div>\n\t\t\t\t\t\t\t\t<div class=\"elementor-field-type-text elementor-field-group elementor-column elementor-field-group-field_1de5aaf elementor-col-100 elementor-field-required\">\n\t\t\t\t\t\t\t\t\t\t\t\t<label for=\"form-field-field_1de5aaf\" class=\"elementor-field-label elementor-screen-only\">\n\t\t\t\t\t\t\t\tCourriel\t\t\t\t\t\t\t<\/label>\n\t\t\t\t\t\t\t\t\t\t\t\t\t\t<input size=\"1\" type=\"text\" name=\"form_fields[field_1de5aaf]\" id=\"form-field-field_1de5aaf\" class=\"elementor-field elementor-size-lg  elementor-field-textual\" placeholder=\"Courriel\" required=\"required\">\n\t\t\t\t\t\t\t\t\t\t\t<\/div>\n\t\t\t\t\t\t\t\t<div class=\"elementor-field-type-tel elementor-field-group elementor-column elementor-field-group-field_a8db604 elementor-col-100 elementor-field-required\">\n\t\t\t\t\t\t\t\t\t\t\t\t<label for=\"form-field-field_a8db604\" class=\"elementor-field-label elementor-screen-only\">\n\t\t\t\t\t\t\t\tNum\u00e9ro de t\u00e9l\u00e9phone\t\t\t\t\t\t\t<\/label>\n\t\t\t\t\t\t\t\t<input size=\"1\" type=\"tel\" name=\"form_fields[field_a8db604]\" id=\"form-field-field_a8db604\" class=\"elementor-field elementor-size-lg  elementor-field-textual\" placeholder=\"Num\u00e9ro de t\u00e9l\u00e9phone\" required=\"required\" pattern=\"[0-9()#&amp;+*-=.]+\" title=\"Seuls les caract\u00e8res de num\u00e9ros de t\u00e9l\u00e9phone (#, -, *, etc.) sont accept\u00e9s.\">\n\n\t\t\t\t\t\t<\/div>\n\t\t\t\t\t\t\t\t<div class=\"elementor-field-type-textarea elementor-field-group elementor-column elementor-field-group-message elementor-col-100 elementor-field-required\">\n\t\t\t\t\t\t\t\t\t\t\t\t<label for=\"form-field-message\" class=\"elementor-field-label elementor-screen-only\">\n\t\t\t\t\t\t\t\tComment pouvons-nous vous aider ?\t\t\t\t\t\t\t<\/label>\n\t\t\t\t\t\t<textarea class=\"elementor-field-textual elementor-field  elementor-size-lg\" name=\"form_fields[message]\" id=\"form-field-message\" rows=\"5\" placeholder=\"Comment pouvons-nous vous aider ?\" required=\"required\"><\/textarea>\t\t\t\t<\/div>\n\t\t\t\t\t\t\t\t<div class=\"elementor-field-group elementor-column elementor-field-type-submit elementor-col-100 e-form__buttons\">\n\t\t\t\t\t<button class=\"elementor-button elementor-size-md\" type=\"submit\">\n\t\t\t\t\t\t<span class=\"elementor-button-content-wrapper\">\n\t\t\t\t\t\t\t\t\t\t\t\t\t\t\t\t\t\t\t\t\t\t<span class=\"elementor-button-text\">Soumettre<\/span>\n\t\t\t\t\t\t\t\t\t\t\t\t\t<\/span>\n\t\t\t\t\t<\/button>\n\t\t\t\t<\/div>\n\t\t\t<\/div>\n\t\t<\/form>\n\t\t\t\t\t\t<\/div>\n\t\t\t\t<\/div>\n\t\t\t\t\t<\/div>\n\t\t<\/div>\n\t\t\t\t\t<\/div>\n\t\t<\/section>\n\t\t\t\t<\/div>\n\t\t","protected":false},"excerpt":{"rendered":"<p>Contactez-nous<\/p>\n","protected":false},"author":1,"featured_media":0,"parent":0,"menu_order":0,"comment_status":"closed","ping_status":"closed","template":"","meta":{"_acf_changed":false,"footnotes":""},"class_list":["post-5286","page","type-page","status-publish","hentry"],"acf":[],"yoast_head":"<!-- This site is optimized with the Yoast SEO plugin v27.4 - https:\/\/yoast.com\/product\/yoast-seo-wordpress\/ -->\n<title>ETI-NET | cr\u00e9er un ticket<\/title>\n<meta name=\"description\" content=\"Cr\u00e9ez un ticket pour signaler un probl\u00e8me\/une pr\u00e9occupation concernant les produits ETI-NET.\" \/>\n<meta name=\"robots\" content=\"index, follow, max-snippet:-1, max-image-preview:large, max-video-preview:-1\" \/>\n<link rel=\"canonical\" href=\"https:\/\/etinet.com\/fr\/creer-un-ticket\/\" \/>\n<meta property=\"og:locale\" content=\"fr_FR\" \/>\n<meta property=\"og:type\" content=\"article\" \/>\n<meta property=\"og:title\" content=\"ETI-NET | cr\u00e9er un ticket\" \/>\n<meta property=\"og:description\" content=\"Cr\u00e9ez un ticket pour signaler un probl\u00e8me\/une pr\u00e9occupation concernant les produits ETI-NET.\" \/>\n<meta property=\"og:url\" content=\"https:\/\/etinet.com\/fr\/creer-un-ticket\/\" \/>\n<meta property=\"og:site_name\" content=\"ETI-NET\" \/>\n<meta property=\"article:modified_time\" content=\"2025-09-18T12:07:33+00:00\" \/>\n<meta name=\"twitter:card\" content=\"summary_large_image\" \/>\n<script type=\"application\/ld+json\" class=\"yoast-schema-graph\">{\"@context\":\"https:\\\/\\\/schema.org\",\"@graph\":[{\"@type\":\"WebPage\",\"@id\":\"https:\\\/\\\/etinet.com\\\/fr\\\/creer-un-ticket\\\/\",\"url\":\"https:\\\/\\\/etinet.com\\\/fr\\\/creer-un-ticket\\\/\",\"name\":\"ETI-NET | cr\u00e9er un ticket\",\"isPartOf\":{\"@id\":\"https:\\\/\\\/etinet.com\\\/fr\\\/#website\"},\"primaryImageOfPage\":{\"@id\":\"https:\\\/\\\/etinet.com\\\/fr\\\/creer-un-ticket\\\/#primaryimage\"},\"image\":{\"@id\":\"https:\\\/\\\/etinet.com\\\/fr\\\/creer-un-ticket\\\/#primaryimage\"},\"thumbnailUrl\":\"https:\\\/\\\/etinet.com\\\/wp-content\\\/uploads\\\/2023\\\/07\\\/Illustration.svg\",\"datePublished\":\"2023-07-10T11:30:53+00:00\",\"dateModified\":\"2025-09-18T12:07:33+00:00\",\"description\":\"Cr\u00e9ez un ticket pour signaler un probl\u00e8me\\\/une pr\u00e9occupation concernant les produits ETI-NET.\",\"breadcrumb\":{\"@id\":\"https:\\\/\\\/etinet.com\\\/fr\\\/creer-un-ticket\\\/#breadcrumb\"},\"inLanguage\":\"fr-FR\",\"potentialAction\":[{\"@type\":\"ReadAction\",\"target\":[\"https:\\\/\\\/etinet.com\\\/fr\\\/creer-un-ticket\\\/\"]}]},{\"@type\":\"ImageObject\",\"inLanguage\":\"fr-FR\",\"@id\":\"https:\\\/\\\/etinet.com\\\/fr\\\/creer-un-ticket\\\/#primaryimage\",\"url\":\"https:\\\/\\\/etinet.com\\\/wp-content\\\/uploads\\\/2023\\\/07\\\/Illustration.svg\",\"contentUrl\":\"https:\\\/\\\/etinet.com\\\/wp-content\\\/uploads\\\/2023\\\/07\\\/Illustration.svg\"},{\"@type\":\"BreadcrumbList\",\"@id\":\"https:\\\/\\\/etinet.com\\\/fr\\\/creer-un-ticket\\\/#breadcrumb\",\"itemListElement\":[{\"@type\":\"ListItem\",\"position\":1,\"name\":\"Home\",\"item\":\"https:\\\/\\\/etinet.com\\\/fr\\\/\"},{\"@type\":\"ListItem\",\"position\":2,\"name\":\"Cr\u00e9er un ticket\"}]},{\"@type\":\"WebSite\",\"@id\":\"https:\\\/\\\/etinet.com\\\/fr\\\/#website\",\"url\":\"https:\\\/\\\/etinet.com\\\/fr\\\/\",\"name\":\"ETI-NET\",\"description\":\"Helping Businesses Manage Complex Multi-Vendor Systems\",\"publisher\":{\"@id\":\"https:\\\/\\\/etinet.com\\\/fr\\\/#organization\"},\"potentialAction\":[{\"@type\":\"SearchAction\",\"target\":{\"@type\":\"EntryPoint\",\"urlTemplate\":\"https:\\\/\\\/etinet.com\\\/fr\\\/?s={search_term_string}\"},\"query-input\":{\"@type\":\"PropertyValueSpecification\",\"valueRequired\":true,\"valueName\":\"search_term_string\"}}],\"inLanguage\":\"fr-FR\"},{\"@type\":\"Organization\",\"@id\":\"https:\\\/\\\/etinet.com\\\/fr\\\/#organization\",\"name\":\"ETI-NET\",\"url\":\"https:\\\/\\\/etinet.com\\\/fr\\\/\",\"logo\":{\"@type\":\"ImageObject\",\"inLanguage\":\"fr-FR\",\"@id\":\"https:\\\/\\\/etinet.com\\\/fr\\\/#\\\/schema\\\/logo\\\/image\\\/\",\"url\":\"https:\\\/\\\/etinet.com\\\/wp-content\\\/uploads\\\/2023\\\/06\\\/logo-1.svg\",\"contentUrl\":\"https:\\\/\\\/etinet.com\\\/wp-content\\\/uploads\\\/2023\\\/06\\\/logo-1.svg\",\"width\":133,\"height\":59,\"caption\":\"ETI-NET\"},\"image\":{\"@id\":\"https:\\\/\\\/etinet.com\\\/fr\\\/#\\\/schema\\\/logo\\\/image\\\/\"}}]}<\/script>\n<!-- \/ Yoast SEO plugin. -->","yoast_head_json":{"title":"ETI-NET | cr\u00e9er un ticket","description":"Cr\u00e9ez un ticket pour signaler un probl\u00e8me\/une pr\u00e9occupation concernant les produits ETI-NET.","robots":{"index":"index","follow":"follow","max-snippet":"max-snippet:-1","max-image-preview":"max-image-preview:large","max-video-preview":"max-video-preview:-1"},"canonical":"https:\/\/etinet.com\/fr\/creer-un-ticket\/","og_locale":"fr_FR","og_type":"article","og_title":"ETI-NET | cr\u00e9er un ticket","og_description":"Cr\u00e9ez un ticket pour signaler un probl\u00e8me\/une pr\u00e9occupation concernant les produits ETI-NET.","og_url":"https:\/\/etinet.com\/fr\/creer-un-ticket\/","og_site_name":"ETI-NET","article_modified_time":"2025-09-18T12:07:33+00:00","twitter_card":"summary_large_image","schema":{"@context":"https:\/\/schema.org","@graph":[{"@type":"WebPage","@id":"https:\/\/etinet.com\/fr\/creer-un-ticket\/","url":"https:\/\/etinet.com\/fr\/creer-un-ticket\/","name":"ETI-NET | cr\u00e9er un ticket","isPartOf":{"@id":"https:\/\/etinet.com\/fr\/#website"},"primaryImageOfPage":{"@id":"https:\/\/etinet.com\/fr\/creer-un-ticket\/#primaryimage"},"image":{"@id":"https:\/\/etinet.com\/fr\/creer-un-ticket\/#primaryimage"},"thumbnailUrl":"https:\/\/etinet.com\/wp-content\/uploads\/2023\/07\/Illustration.svg","datePublished":"2023-07-10T11:30:53+00:00","dateModified":"2025-09-18T12:07:33+00:00","description":"Cr\u00e9ez un ticket pour signaler un probl\u00e8me\/une pr\u00e9occupation concernant les produits ETI-NET.","breadcrumb":{"@id":"https:\/\/etinet.com\/fr\/creer-un-ticket\/#breadcrumb"},"inLanguage":"fr-FR","potentialAction":[{"@type":"ReadAction","target":["https:\/\/etinet.com\/fr\/creer-un-ticket\/"]}]},{"@type":"ImageObject","inLanguage":"fr-FR","@id":"https:\/\/etinet.com\/fr\/creer-un-ticket\/#primaryimage","url":"https:\/\/etinet.com\/wp-content\/uploads\/2023\/07\/Illustration.svg","contentUrl":"https:\/\/etinet.com\/wp-content\/uploads\/2023\/07\/Illustration.svg"},{"@type":"BreadcrumbList","@id":"https:\/\/etinet.com\/fr\/creer-un-ticket\/#breadcrumb","itemListElement":[{"@type":"ListItem","position":1,"name":"Home","item":"https:\/\/etinet.com\/fr\/"},{"@type":"ListItem","position":2,"name":"Cr\u00e9er un ticket"}]},{"@type":"WebSite","@id":"https:\/\/etinet.com\/fr\/#website","url":"https:\/\/etinet.com\/fr\/","name":"ETI-NET","description":"Helping Businesses Manage Complex Multi-Vendor Systems","publisher":{"@id":"https:\/\/etinet.com\/fr\/#organization"},"potentialAction":[{"@type":"SearchAction","target":{"@type":"EntryPoint","urlTemplate":"https:\/\/etinet.com\/fr\/?s={search_term_string}"},"query-input":{"@type":"PropertyValueSpecification","valueRequired":true,"valueName":"search_term_string"}}],"inLanguage":"fr-FR"},{"@type":"Organization","@id":"https:\/\/etinet.com\/fr\/#organization","name":"ETI-NET","url":"https:\/\/etinet.com\/fr\/","logo":{"@type":"ImageObject","inLanguage":"fr-FR","@id":"https:\/\/etinet.com\/fr\/#\/schema\/logo\/image\/","url":"https:\/\/etinet.com\/wp-content\/uploads\/2023\/06\/logo-1.svg","contentUrl":"https:\/\/etinet.com\/wp-content\/uploads\/2023\/06\/logo-1.svg","width":133,"height":59,"caption":"ETI-NET"},"image":{"@id":"https:\/\/etinet.com\/fr\/#\/schema\/logo\/image\/"}}]}},"_links":{"self":[{"href":"https:\/\/etinet.com\/fr\/wp-json\/wp\/v2\/pages\/5286","targetHints":{"allow":["GET"]}}],"collection":[{"href":"https:\/\/etinet.com\/fr\/wp-json\/wp\/v2\/pages"}],"about":[{"href":"https:\/\/etinet.com\/fr\/wp-json\/wp\/v2\/types\/page"}],"author":[{"embeddable":true,"href":"https:\/\/etinet.com\/fr\/wp-json\/wp\/v2\/users\/1"}],"replies":[{"embeddable":true,"href":"https:\/\/etinet.com\/fr\/wp-json\/wp\/v2\/comments?post=5286"}],"version-history":[{"count":0,"href":"https:\/\/etinet.com\/fr\/wp-json\/wp\/v2\/pages\/5286\/revisions"}],"wp:attachment":[{"href":"https:\/\/etinet.com\/fr\/wp-json\/wp\/v2\/media?parent=5286"}],"curies":[{"name":"wp","href":"https:\/\/api.w.org\/{rel}","templated":true}]}}